{"id":531,"date":"2018-11-26T12:45:57","date_gmt":"2018-11-26T12:45:57","guid":{"rendered":"https:\/\/rms-co.fr\/?page_id=531"},"modified":"2023-12-18T23:16:42","modified_gmt":"2023-12-18T22:16:42","slug":"qui-sommes-nous","status":"publish","type":"page","link":"https:\/\/rms-co.fr\/?page_id=531","title":{"rendered":"Qui sommes-nous"},"content":{"rendered":"\t\t<div data-elementor-type=\"wp-post\" data-elementor-id=\"531\" class=\"elementor elementor-531\">\n\t\t\t\t\t\t<section class=\"elementor-section elementor-top-section elementor-element elementor-element-1b5d768b elementor-section-content-middle elementor-section-boxed elementor-section-height-default elementor-section-height-default\" data-id=\"1b5d768b\" data-element_type=\"section\" data-settings=\"{&quot;background_background&quot;:&quot;classic&quot;}\">\n\t\t\t\t\t\t\t<div class=\"elementor-background-overlay\"><\/div>\n\t\t\t\t\t\t\t<div class=\"elementor-container elementor-column-gap-no\">\n\t\t\t\t\t<div class=\"elementor-column elementor-col-100 elementor-top-column elementor-element elementor-element-1608c15b\" data-id=\"1608c15b\" data-element_type=\"column\">\n\t\t\t<div class=\"elementor-widget-wrap elementor-element-populated\">\n\t\t\t\t\t\t<div class=\"elementor-element elementor-element-321a34b8 elementor-widget elementor-widget-heading\" data-id=\"321a34b8\" data-element_type=\"widget\" data-widget_type=\"heading.default\">\n\t\t\t\t<div class=\"elementor-widget-container\">\n\t\t\t\t\t<h1 class=\"elementor-heading-title elementor-size-default\">qui sommes-nous<\/h1>\t\t\t\t<\/div>\n\t\t\t\t<\/div>\n\t\t\t\t\t<\/div>\n\t\t<\/div>\n\t\t\t\t\t<\/div>\n\t\t<\/section>\n\t\t<div class=\"elementor-element elementor-element-94ab31e e-flex e-con-boxed e-con e-parent\" data-id=\"94ab31e\" data-element_type=\"container\">\n\t\t\t\t\t<div class=\"e-con-inner\">\n\t\t\t\t<div class=\"elementor-element elementor-element-84a2872 elementor-widget elementor-widget-text-editor\" data-id=\"84a2872\" data-element_type=\"widget\" data-widget_type=\"text-editor.default\">\n\t\t\t\t<div class=\"elementor-widget-container\">\n\t\t\t\t\t\t\t\t\t<h2 class=\"elementor-heading-title elementor-size-default elementor-inline-editing pen\" style=\"text-align: center;\" contenteditable=\"true\" data-elementor-setting-key=\"title\" data-pen-placeholder=\"\u00c9crivez ici...\">30 ans d&rsquo;exp\u00e9rience cumul\u00e9s pour des projets vari\u00e9s r\u00e9alis\u00e9s dans les r\u00e8gles de l&rsquo;art.\u200b<\/h2>\t\t\t\t\t\t\t\t<\/div>\n\t\t\t\t<\/div>\n\t\t\t\t\t<\/div>\n\t\t\t\t<\/div>\n\t\t<div class=\"elementor-element elementor-element-d8b4e19 e-flex e-con-boxed e-con e-parent\" data-id=\"d8b4e19\" data-element_type=\"container\">\n\t\t\t\t\t<div class=\"e-con-inner\">\n\t\t\t\t<div class=\"elementor-element elementor-element-76bcc6e elementor-widget elementor-widget-text-editor\" data-id=\"76bcc6e\" data-element_type=\"widget\" data-widget_type=\"text-editor.default\">\n\t\t\t\t<div class=\"elementor-widget-container\">\n\t\t\t\t\t\t\t\t\t<p>Une \u00e9quipe r\u00e9active form\u00e9 aux travaux complexes d&rsquo;ensemble m\u00e9cano-soud\u00e9.<\/p>\t\t\t\t\t\t\t\t<\/div>\n\t\t\t\t<\/div>\n\t\t\t\t\t<\/div>\n\t\t\t\t<\/div>\n\t\t<div class=\"elementor-element elementor-element-59022f8 e-flex e-con-boxed e-con e-parent\" data-id=\"59022f8\" data-element_type=\"container\">\n\t\t\t\t\t<div class=\"e-con-inner\">\n\t\t<div class=\"elementor-element elementor-element-51289e7 e-con-full e-flex e-con e-child\" data-id=\"51289e7\" data-element_type=\"container\">\n\t\t\t\t<div class=\"elementor-element elementor-element-48a5d7a elementor-widget elementor-widget-heading\" data-id=\"48a5d7a\" data-element_type=\"widget\" data-widget_type=\"heading.default\">\n\t\t\t\t<div class=\"elementor-widget-container\">\n\t\t\t\t\t<h2 class=\"elementor-heading-title elementor-size-default\">Thomas Leudet<\/h2>\t\t\t\t<\/div>\n\t\t\t\t<\/div>\n\t\t\t\t<div class=\"elementor-element elementor-element-e000fce elementor-widget elementor-widget-text-editor\" data-id=\"e000fce\" data-element_type=\"widget\" data-widget_type=\"text-editor.default\">\n\t\t\t\t<div class=\"elementor-widget-container\">\n\t\t\t\t\t\t\t\t\t<p style=\"text-align: center;\">thomas.leudet@rms-co.fr<\/p><p style=\"text-align: center;\">portable : +33 (<span class=\"elementor-icon-list-text\">0)6.58.60.74.65<\/span><\/p>\t\t\t\t\t\t\t\t<\/div>\n\t\t\t\t<\/div>\n\t\t\t\t<div class=\"elementor-element elementor-element-b2e2866 elementor-widget__width-initial elementor-widget elementor-widget-image\" data-id=\"b2e2866\" data-element_type=\"widget\" data-widget_type=\"image.default\">\n\t\t\t\t<div class=\"elementor-widget-container\">\n\t\t\t\t\t\t\t\t\t\t\t\t\t\t\t<img fetchpriority=\"high\" decoding=\"async\" width=\"768\" height=\"1024\" src=\"https:\/\/rms-co.fr\/wp-content\/uploads\/2023\/12\/Sans-titre-1-768x1024.jpg\" class=\"attachment-large size-large wp-image-1754\" alt=\"\" srcset=\"https:\/\/rms-co.fr\/wp-content\/uploads\/2023\/12\/Sans-titre-1-768x1024.jpg 768w, https:\/\/rms-co.fr\/wp-content\/uploads\/2023\/12\/Sans-titre-1-225x300.jpg 225w, https:\/\/rms-co.fr\/wp-content\/uploads\/2023\/12\/Sans-titre-1-1152x1536.jpg 1152w, https:\/\/rms-co.fr\/wp-content\/uploads\/2023\/12\/Sans-titre-1-1536x2048.jpg 1536w, https:\/\/rms-co.fr\/wp-content\/uploads\/2023\/12\/Sans-titre-1-scaled.jpg 1920w\" sizes=\"(max-width: 768px) 100vw, 768px\" \/>\t\t\t\t\t\t\t\t\t\t\t\t\t\t\t<\/div>\n\t\t\t\t<\/div>\n\t\t\t\t<\/div>\n\t\t<div class=\"elementor-element elementor-element-27c5a97 e-con-full e-flex e-con e-child\" data-id=\"27c5a97\" data-element_type=\"container\">\n\t\t\t\t<div class=\"elementor-element elementor-element-103f2c8 elementor-widget elementor-widget-heading\" data-id=\"103f2c8\" data-element_type=\"widget\" data-widget_type=\"heading.default\">\n\t\t\t\t<div class=\"elementor-widget-container\">\n\t\t\t\t\t<h2 class=\"elementor-heading-title elementor-size-default\">Abdelkader Souafi<\/h2>\t\t\t\t<\/div>\n\t\t\t\t<\/div>\n\t\t\t\t<div class=\"elementor-element elementor-element-abe0d72 elementor-widget elementor-widget-text-editor\" data-id=\"abe0d72\" data-element_type=\"widget\" data-widget_type=\"text-editor.default\">\n\t\t\t\t<div class=\"elementor-widget-container\">\n\t\t\t\t\t\t\t\t\t<p>kader.souafi@rms-co.fr<\/p><p style=\"text-align: center;\">portable : +33 (<span class=\"elementor-icon-list-text\">0)6.61.98.91.28<\/span><\/p>\t\t\t\t\t\t\t\t<\/div>\n\t\t\t\t<\/div>\n\t\t\t\t<div class=\"elementor-element elementor-element-ca97f93 elementor-widget__width-initial elementor-widget elementor-widget-image\" data-id=\"ca97f93\" data-element_type=\"widget\" data-widget_type=\"image.default\">\n\t\t\t\t<div class=\"elementor-widget-container\">\n\t\t\t\t\t\t\t\t\t\t\t\t\t\t\t<img decoding=\"async\" width=\"768\" height=\"1024\" src=\"https:\/\/rms-co.fr\/wp-content\/uploads\/2023\/12\/IMG-20231204-WA0000-768x1024.jpg\" class=\"attachment-large size-large wp-image-1718\" alt=\"\" srcset=\"https:\/\/rms-co.fr\/wp-content\/uploads\/2023\/12\/IMG-20231204-WA0000-768x1023.jpg 768w, https:\/\/rms-co.fr\/wp-content\/uploads\/2023\/12\/IMG-20231204-WA0000-225x300.jpg 225w, https:\/\/rms-co.fr\/wp-content\/uploads\/2023\/12\/IMG-20231204-WA0000-1153x1536.jpg 1153w, https:\/\/rms-co.fr\/wp-content\/uploads\/2023\/12\/IMG-20231204-WA0000.jpg 1200w\" sizes=\"(max-width: 768px) 100vw, 768px\" \/>\t\t\t\t\t\t\t\t\t\t\t\t\t\t\t<\/div>\n\t\t\t\t<\/div>\n\t\t\t\t<\/div>\n\t\t<div class=\"elementor-element elementor-element-1b1fa0d e-con-full e-flex e-con e-child\" data-id=\"1b1fa0d\" data-element_type=\"container\">\n\t\t\t\t<div class=\"elementor-element elementor-element-576ceed elementor-widget elementor-widget-heading\" data-id=\"576ceed\" data-element_type=\"widget\" data-widget_type=\"heading.default\">\n\t\t\t\t<div class=\"elementor-widget-container\">\n\t\t\t\t\t<h2 class=\"elementor-heading-title elementor-size-default\">C\u00e9dric Camas\n<\/h2>\t\t\t\t<\/div>\n\t\t\t\t<\/div>\n\t\t\t\t<div class=\"elementor-element elementor-element-93f2c25 elementor-widget elementor-widget-text-editor\" data-id=\"93f2c25\" data-element_type=\"widget\" data-widget_type=\"text-editor.default\">\n\t\t\t\t<div class=\"elementor-widget-container\">\n\t\t\t\t\t\t\t\t\t<p style=\"text-align: center;\">cedric.camas@rms-co.fr<\/p><p style=\"text-align: center;\">portable : +33 (<span class=\"elementor-icon-list-text\">0)6.42.21.35.38 <\/span><\/p>\t\t\t\t\t\t\t\t<\/div>\n\t\t\t\t<\/div>\n\t\t\t\t<div class=\"elementor-element elementor-element-28a0fd4 elementor-widget__width-initial elementor-widget elementor-widget-image\" data-id=\"28a0fd4\" data-element_type=\"widget\" data-widget_type=\"image.default\">\n\t\t\t\t<div class=\"elementor-widget-container\">\n\t\t\t\t\t\t\t\t\t\t\t\t\t\t\t<img decoding=\"async\" width=\"768\" height=\"1024\" src=\"https:\/\/rms-co.fr\/wp-content\/uploads\/2023\/12\/WhatsApp-Image-2023-12-02-a-13.14.28_11efd6b3-768x1024.jpg\" class=\"attachment-large size-large wp-image-1574\" alt=\"\" srcset=\"https:\/\/rms-co.fr\/wp-content\/uploads\/2023\/12\/WhatsApp-Image-2023-12-02-a-13.14.28_11efd6b3-768x1024.jpg 768w, https:\/\/rms-co.fr\/wp-content\/uploads\/2023\/12\/WhatsApp-Image-2023-12-02-a-13.14.28_11efd6b3-225x300.jpg 225w, https:\/\/rms-co.fr\/wp-content\/uploads\/2023\/12\/WhatsApp-Image-2023-12-02-a-13.14.28_11efd6b3-1152x1536.jpg 1152w, https:\/\/rms-co.fr\/wp-content\/uploads\/2023\/12\/WhatsApp-Image-2023-12-02-a-13.14.28_11efd6b3.jpg 1200w\" sizes=\"(max-width: 768px) 100vw, 768px\" \/>\t\t\t\t\t\t\t\t\t\t\t\t\t\t\t<\/div>\n\t\t\t\t<\/div>\n\t\t\t\t<\/div>\n\t\t\t\t\t<\/div>\n\t\t\t\t<\/div>\n\t\t\t\t<\/div>\n\t\t","protected":false},"excerpt":{"rendered":"<p>qui sommes-nous 30 ans d&rsquo;exp\u00e9rience cumul\u00e9s pour des projets vari\u00e9s r\u00e9alis\u00e9s dans les r\u00e8gles de l&rsquo;art.\u200b Une \u00e9quipe r\u00e9active form\u00e9 aux travaux complexes d&rsquo;ensemble m\u00e9cano-soud\u00e9. Thomas Leudet thomas.leudet@rms-co.fr portable : +33 (0)6.58.60.74.65 Abdelkader Souafi kader.souafi@rms-co.fr portable : +33 (0)6.61.98.91.28 C\u00e9dric Camas cedric.camas@rms-co.fr portable : +33 (0)6.42.21.35.38<\/p>\n","protected":false},"author":1,"featured_media":0,"parent":0,"menu_order":0,"comment_status":"closed","ping_status":"closed","template":"","meta":{"_uag_custom_page_level_css":"","_monsterinsights_skip_tracking":false,"_monsterinsights_sitenote_active":false,"_monsterinsights_sitenote_note":"","_monsterinsights_sitenote_category":0,"site-sidebar-layout":"no-sidebar","site-content-layout":"page-builder","ast-site-content-layout":"full-width-container","site-content-style":"unboxed","site-sidebar-style":"unboxed","ast-global-header-display":"","ast-banner-title-visibility":"","ast-main-header-display":"","ast-hfb-above-header-display":"","ast-hfb-below-header-display":"","ast-hfb-mobile-header-display":"","site-post-title":"disabled","ast-breadcrumbs-content":"","ast-featured-img":"disabled","footer-sml-layout":"","theme-transparent-header-meta":"enabled","adv-header-id-meta":"","stick-header-meta":"","header-above-stick-meta":"","header-main-stick-meta":"","header-below-stick-meta":"","astra-migrate-meta-layouts":"set","ast-page-background-enabled":"default","ast-page-background-meta":{"desktop":{"background-color":"","background-image":"","background-repeat":"repeat","background-position":"center center","background-size":"auto","background-attachment":"scroll","background-type":"","background-media":"","overlay-type":"","overlay-color":"","overlay-opacity":"","overlay-gradient":""},"tablet":{"background-color":"","background-image":"","background-repeat":"repeat","background-position":"center center","background-size":"auto","background-attachment":"scroll","background-type":"","background-media":"","overlay-type":"","overlay-color":"","overlay-opacity":"","overlay-gradient":""},"mobile":{"background-color":"","background-image":"","background-repeat":"repeat","background-position":"center center","background-size":"auto","background-attachment":"scroll","background-type":"","background-media":"","overlay-type":"","overlay-color":"","overlay-opacity":"","overlay-gradient":""}},"ast-content-background-meta":{"desktop":{"background-color":"var(--ast-global-color-5)","background-image":"","background-repeat":"repeat","background-position":"center center","background-size":"auto","background-attachment":"scroll","background-type":"","background-media":"","overlay-type":"","overlay-color":"","overlay-opacity":"","overlay-gradient":""},"tablet":{"background-color":"var(--ast-global-color-5)","background-image":"","background-repeat":"repeat","background-position":"center center","background-size":"auto","background-attachment":"scroll","background-type":"","background-media":"","overlay-type":"","overlay-color":"","overlay-opacity":"","overlay-gradient":""},"mobile":{"background-color":"var(--ast-global-color-5)","background-image":"","background-repeat":"repeat","background-position":"center center","background-size":"auto","background-attachment":"scroll","background-type":"","background-media":"","overlay-type":"","overlay-color":"","overlay-opacity":"","overlay-gradient":""}},"footnotes":""},"class_list":["post-531","page","type-page","status-publish","hentry"],"uagb_featured_image_src":{"full":false,"thumbnail":false,"medium":false,"medium_large":false,"large":false,"1536x1536":false,"2048x2048":false},"uagb_author_info":{"display_name":"rms-co.fr","author_link":"https:\/\/rms-co.fr\/?author=1"},"uagb_comment_info":0,"uagb_excerpt":"qui sommes-nous 30 ans d&rsquo;exp\u00e9rience cumul\u00e9s pour des projets vari\u00e9s r\u00e9alis\u00e9s dans les r\u00e8gles de l&rsquo;art.\u200b Une \u00e9quipe r\u00e9active form\u00e9 aux travaux complexes d&rsquo;ensemble m\u00e9cano-soud\u00e9. Thomas Leudet thomas.leudet@rms-co.fr portable : +33 (0)6.58.60.74.65 Abdelkader Souafi kader.souafi@rms-co.fr portable : +33 (0)6.61.98.91.28 C\u00e9dric Camas cedric.camas@rms-co.fr portable : +33 (0)6.42.21.35.38","_links":{"self":[{"href":"https:\/\/rms-co.fr\/index.php?rest_route=\/wp\/v2\/pages\/531","targetHints":{"allow":["GET"]}}],"collection":[{"href":"https:\/\/rms-co.fr\/index.php?rest_route=\/wp\/v2\/pages"}],"about":[{"href":"https:\/\/rms-co.fr\/index.php?rest_route=\/wp\/v2\/types\/page"}],"author":[{"embeddable":true,"href":"https:\/\/rms-co.fr\/index.php?rest_route=\/wp\/v2\/users\/1"}],"replies":[{"embeddable":true,"href":"https:\/\/rms-co.fr\/index.php?rest_route=%2Fwp%2Fv2%2Fcomments&post=531"}],"version-history":[{"count":92,"href":"https:\/\/rms-co.fr\/index.php?rest_route=\/wp\/v2\/pages\/531\/revisions"}],"predecessor-version":[{"id":1757,"href":"https:\/\/rms-co.fr\/index.php?rest_route=\/wp\/v2\/pages\/531\/revisions\/1757"}],"wp:attachment":[{"href":"https:\/\/rms-co.fr\/index.php?rest_route=%2Fwp%2Fv2%2Fmedia&parent=531"}],"curies":[{"name":"wp","href":"https:\/\/api.w.org\/{rel}","templated":true}]}}